{"id":2,"date":"2012-03-09T07:17:13","date_gmt":"2012-03-09T07:17:13","guid":{"rendered":"http:\/\/aykutozdemir.com.tr\/insaat\/?page_id=2"},"modified":"2021-06-11T22:15:00","modified_gmt":"2021-06-11T19:15:00","slug":"hakkimda","status":"publish","type":"page","link":"https:\/\/www.aykutozdemir.com.tr\/insaat\/hakkimda","title":{"rendered":"Hakk\u0131mda"},"content":{"rendered":"<p><a class=\"alignleft size-thumbnail wp-image-861\" title=\"aykut \u00f6zdemir\"><img loading=\"lazy\" decoding=\"async\" class=\"alignleft size-thumbnail wp-image-861\" title=\"aykut \u00f6zdemir\" src=\"data:image\/png;base64,iVBORw0KGgoAAAANSUhEUgAAAYYAAADcAQMAAABOLJSDAAAAA1BMVEUAAACnej3aAAAAAXRSTlMAQObYZgAAACJJREFUaIHtwTEBAAAAwqD1T20ND6AAAAAAAAAAAAAA4N8AKvgAAUFIrrEAAAAASUVORK5CYII=\" data-src=\"http:\/\/www.aykutozdemir.com.tr\/insaat\/wp-content\/uploads\/2012\/03\/hakk\u0131mda-150x150.jpg\" alt=\"\" width=\"150\" height=\"150\" \/><noscript><img loading=\"lazy\" decoding=\"async\" class=\"alignleft size-thumbnail wp-image-861\" title=\"aykut \u00f6zdemir\" src=\"http:\/\/www.aykutozdemir.com.tr\/insaat\/wp-content\/uploads\/2012\/03\/hakk\u0131mda-150x150.jpg\" alt=\"\" width=\"150\" height=\"150\" \/><\/noscript><\/a>1989 y\u0131l\u0131n\u0131n Temmuz ay\u0131nda -ki astroloji ile aram bozuk olsa da bu beni Yenge\u00e7 burcu yapar- Kahramanmara\u015f ilinin Pazarc\u0131k il\u00e7esinde do\u011fdum. \u0130lk\u00f6\u011fretim e\u011fitimimi\u00a0\u00a0 G\u00f6lba\u015f\u0131 \/ Ad\u0131yaman Cumhuriyet \u0130lk\u00f6\u011fretim Okulu&#8217;nda tamamlad\u0131m. Polis koleji, fen lisesi ve pek \u00e7ok \u00f6zel lise alternatifleri aras\u0131ndan hayallerimin pe\u015finden ko\u015farak pilot olma yolunda Kuleli Askeri Lisesi&#8217;ne, havac\u0131 askeri \u00f6\u011frenci olarak ba\u015flad\u0131m. 4 sene sonra sivil hayat\u0131 se\u00e7ip\u00a0TSK&#8217;dan\u00a0ayr\u0131lm\u0131\u015f olsam da, Kuleli&#8217;de okuman\u0131n hayat\u0131mda verdi\u011fim en do\u011fru karar oldu\u011funu s\u00f6ylesem; yalan s\u00f6ylemi\u015f olmam.\u00a0 Kuleli&#8217;de alm\u0131\u015f oldu\u011fum e\u011fitim ve \u00f6\u011fretimin, kazand\u0131\u011f\u0131m sosyal ve spor becerilerinin, disiplinin, edindi\u011fim hayat tecr\u00fcbesinin, ideolojinin ve en \u00f6nemlisi Kuleli&#8217;nin karde\u015flikten \u00f6te dostluklar\u0131n\u0131n&#8230; saymakla bitmeyecek Kuleli&#8217;nin katt\u0131\u011f\u0131 daha pek \u00e7ok \u015feyin faydas\u0131n\u0131 hala g\u00f6rmekteyim, \u00f6m\u00fcr boyu da g\u00f6rece\u011fim.\u00a0 Bu nedenle de burada oldu\u011fu gibi ne zaman kendimden bahsetsem b\u00fcy\u00fck \u00e7o\u011funlu\u011fu Kuleli olacak. 2007 y\u0131l\u0131nda Kuleli Askeri Lisesi&#8217;nden ba\u015far\u0131l\u0131 bir \u015fekilde mezun olarak Hava Harp Okulu&#8217;na gitmeye hak kazand\u0131m. Daha sonra\u00a0 hayalleriminden vazge\u00e7erek sivil hayata d\u00f6nme karar\u0131 ald\u0131m. Bu da hayat\u0131mda alm\u0131\u015f oldu\u011fum en do\u011fru ikinci karar diyebilirim. K\u0131sa bir s\u0131nav haz\u0131rl\u0131\u011f\u0131 ile\u00a0 2008 y\u0131l\u0131nda Y\u0131ld\u0131z Teknik \u00dcniversitesi\u00a0 \u0130n\u015faat M\u00fchendisli\u011fi B\u00f6l\u00fcm\u00fc&#8217;n\u00fc kazand\u0131m.\u00a0 2012 Ocak ay\u0131nda lisans e\u011fitimimi 3.5 y\u0131lda tamamlayarak mezun oldum. \u015euan in\u015faat m\u00fchendisi olarak \u00e7al\u0131\u015fmaktay\u0131m.<\/p>\n<p>Mezun olduktan sonra, okurken f\u0131rsat bulamad\u0131\u011f\u0131m fakat hep akl\u0131m\u0131n bir k\u00f6\u015fesinde olan ki\u015fisel web sitesi i\u015fine ba\u015flad\u0131m. Neden b\u00f6yle bir\u015fey yapt\u0131n ? diye soracak olursan\u0131z; bloglama\u00a0 i\u015finden olduk\u00e7a keyif almaktay\u0131m. Kendime sekt\u00f6rel bir blog a\u00e7arak, hem g\u00fczel vakit ge\u00e7irece\u011fim bir \u00e7al\u0131\u015fma yapmak, hem de edindi\u011fim tecr\u00fcbeleri, \u00f6\u011frendi\u011fim yeni \u015feyleri okuyucular\u0131m ile payla\u015fmak istedim. Bu sayede payla\u015fma bahanesi ile ara\u015ft\u0131rmalar yaparak, daha fazla okuyarak kendimi de geli\u015ftirmi\u015f olaca\u011f\u0131m. Bu \u015fekilde g\u00fczel bir fikrin ard\u0131ndan keyif alarak yazmaya ba\u015flad\u0131m, umar\u0131m sizlerde okurken, benim yazarken ald\u0131\u011f\u0131m keyfi al\u0131rs\u0131n\u0131z.<\/p>\n<p>Ayr\u0131ca bu blog sayesinde, sekt\u00f6r\u00fc de daha yak\u0131ndan tan\u0131ma f\u0131rsat\u0131m oldu diyebilirim. Sonras\u0131nda sekt\u00f6r\u00fcn web d\u00fcnyas\u0131nda ihtiyac\u0131 oldu\u011funu d\u00fc\u015f\u00fcnd\u00fc\u011f\u00fcm baz\u0131 projeler geli\u015ftirdim. <strong>www.insaatgundemi.com &#8211; \u0130n\u015faat Sekt\u00f6r\u00fc Haber Portal\u0131<\/strong>, bu fikirlerden hayata ge\u00e7irdi\u011fim ilk projem oldu, sonras\u0131nda w<strong>ww.yapisor.com in\u015faat soru cevap platformu<\/strong> web projesinin giri\u015fimcili\u011fini \u00fcstlendim&#8230;devam\u0131 da gelecek&#8230;<\/p>\n<p>Bunun d\u0131\u015f\u0131nda, koyu bir Fenerbah\u00e7e taraftar\u0131y\u0131m. 1989 gol kral\u0131 Aykut Kocaman&#8217;\u0131n ad\u0131n\u0131 ta\u015f\u0131mam bunun ispat\u0131d\u0131r san\u0131r\u0131m. Blog yazarl\u0131\u011f\u0131 d\u0131\u015f\u0131nda, futbol, satran\u00e7, masa tenisi, y\u00fczme, bal\u0131k\u00e7\u0131l\u0131k\u00a0 gibi hobiler ile zaman ge\u00e7iriyorum.\u00a0 \u0130\u00e7imden geldi\u011finde kendi \u00e7ap\u0131mda resim \u00e7izip \u015fiir yaz\u0131yorum. \u00a0Teknolojiyi yak\u0131ndan takip etmeye \u00e7al\u0131\u015f\u0131yorum. Bu siteyi takip eden herkese \u00e7ok te\u015fekk\u00fcr ediyorum.<\/p>\n<p>&nbsp;<\/p>\n<p>Aykut \u00d6ZDEM\u0130R<\/p>\n<p>\u0130n\u015faat M\u00fchendisi<\/p>\n<p>&nbsp;<\/p>\n<div id=\"polls-4\" class=\"wp-polls\">\n\t<form id=\"polls_form_4\" class=\"wp-polls-form\" action=\"\/insaat\/index.php\" method=\"post\">\n\t\t<p style=\"display: none;\"><input type=\"hidden\" id=\"poll_4_nonce\" name=\"wp-polls-nonce\" value=\"74311bee8d\" \/><\/p>\n\t\t<p style=\"display: none;\"><input type=\"hidden\" name=\"poll_id\" value=\"4\" \/><\/p>\n\t\t<p style=\"text-align: center;\"><strong>Sitemi Be\u011fendiniz mi?<\/strong><\/p><div id=\"polls-4-ans\" class=\"wp-polls-ans\"><ul class=\"wp-polls-ul\">\n\t\t<li><input type=\"radio\" id=\"poll-answer-12\" name=\"poll_4\" value=\"12\" \/> <label for=\"poll-answer-12\">Evet<\/label><\/li>\n\t\t<li><input type=\"radio\" id=\"poll-answer-13\" name=\"poll_4\" value=\"13\" \/> <label for=\"poll-answer-13\">\u0130dare Eder<\/label><\/li>\n\t\t<li><input type=\"radio\" id=\"poll-answer-14\" name=\"poll_4\" value=\"14\" \/> <label for=\"poll-answer-14\">Hay\u0131r<\/label><\/li>\n\t\t<\/ul><p style=\"text-align: center;\"><input type=\"button\" name=\"vote\" value=\"   Oyla   \" class=\"Buttons\" onclick=\"poll_vote(4);\" \/><\/p><p style=\"text-align: center;\"><a href=\"#ViewPollResults\" onclick=\"poll_result(4); return false;\" title=\"Anketin Sonu\u00e7lar\u0131n\u0131 G\u00f6ster\">Sonu\u00e7lar\u0131 G\u00f6ster<\/a><\/p><\/div>\n\t<\/form>\n<\/div>\n<div id=\"polls-4-loading\" class=\"wp-polls-loading\"><img loading=\"lazy\" decoding=\"async\" src=\"data:image\/png;base64,iVBORw0KGgoAAAANSUhEUgAAAYYAAADcAQMAAABOLJSDAAAAA1BMVEUAAACnej3aAAAAAXRSTlMAQObYZgAAACJJREFUaIHtwTEBAAAAwqD1T20ND6AAAAAAAAAAAAAA4N8AKvgAAUFIrrEAAAAASUVORK5CYII=\" data-src=\"https:\/\/www.aykutozdemir.com.tr\/insaat\/wp-content\/plugins\/wp-polls\/images\/loading.gif\" width=\"16\" height=\"16\" alt=\"Y\u00fckleniyor ...\" title=\"Y\u00fckleniyor ...\" class=\"wp-polls-image\" \/><noscript><img loading=\"lazy\" decoding=\"async\" src=\"https:\/\/www.aykutozdemir.com.tr\/insaat\/wp-content\/plugins\/wp-polls\/images\/loading.gif\" width=\"16\" height=\"16\" alt=\"Y\u00fckleniyor ...\" title=\"Y\u00fckleniyor ...\" class=\"wp-polls-image\" \/><\/noscript>&nbsp;Y\u00fckleniyor ...<\/div>\n\n<p>&nbsp;<\/p>\n<p>&nbsp;<\/p>\n","protected":false},"excerpt":{"rendered":"<p>1989 y\u0131l\u0131n\u0131n Temmuz ay\u0131nda -ki astroloji ile aram bozuk olsa da bu beni Yenge\u00e7 burcu&#46;&#46;&#46;<\/p>\n","protected":false},"author":1,"featured_media":0,"parent":0,"menu_order":0,"comment_status":"open","ping_status":"closed","template":"","meta":{"footnotes":""},"class_list":["post-2","page","type-page","status-publish","hentry"],"aioseo_notices":[],"amp_enabled":true,"_links":{"self":[{"href":"https:\/\/www.aykutozdemir.com.tr\/insaat\/wp-json\/wp\/v2\/pages\/2","targetHints":{"allow":["GET"]}}],"collection":[{"href":"https:\/\/www.aykutozdemir.com.tr\/insaat\/wp-json\/wp\/v2\/pages"}],"about":[{"href":"https:\/\/www.aykutozdemir.com.tr\/insaat\/wp-json\/wp\/v2\/types\/page"}],"author":[{"embeddable":true,"href":"https:\/\/www.aykutozdemir.com.tr\/insaat\/wp-json\/wp\/v2\/users\/1"}],"replies":[{"embeddable":true,"href":"https:\/\/www.aykutozdemir.com.tr\/insaat\/wp-json\/wp\/v2\/comments?post=2"}],"version-history":[{"count":0,"href":"https:\/\/www.aykutozdemir.com.tr\/insaat\/wp-json\/wp\/v2\/pages\/2\/revisions"}],"wp:attachment":[{"href":"https:\/\/www.aykutozdemir.com.tr\/insaat\/wp-json\/wp\/v2\/media?parent=2"}],"curies":[{"name":"wp","href":"https:\/\/api.w.org\/{rel}","templated":true}]}}