{"id":3038,"date":"2012-09-15T18:53:46","date_gmt":"2012-09-15T18:53:46","guid":{"rendered":"http:\/\/www.aykutozdemir.com.tr\/insaat\/?page_id=3038"},"modified":"2021-06-07T23:35:22","modified_gmt":"2021-06-07T20:35:22","slug":"reklam","status":"publish","type":"page","link":"https:\/\/www.aykutozdemir.com.tr\/insaat\/reklam","title":{"rendered":"Reklam"},"content":{"rendered":"<h3><span style=\"color: #000000;\"><a href=\"http:\/\/www.aykutozdemir.com.tr\/insaat\/wp-content\/uploads\/2012\/09\/reklam-ver.jpg\"><span style=\"color: #000000;\"><img loading=\"lazy\" decoding=\"async\" class=\"size-full wp-image-3063 alignleft\" title=\"reklam ver\" src=\"data:image\/png;base64,iVBORw0KGgoAAAANSUhEUgAAAYYAAADcAQMAAABOLJSDAAAAA1BMVEUAAACnej3aAAAAAXRSTlMAQObYZgAAACJJREFUaIHtwTEBAAAAwqD1T20ND6AAAAAAAAAAAAAA4N8AKvgAAUFIrrEAAAAASUVORK5CYII=\" data-src=\"http:\/\/www.aykutozdemir.com.tr\/insaat\/wp-content\/uploads\/2012\/09\/reklam-ver.jpg\" alt=\"\" width=\"234\" height=\"223\" \/><noscript><img loading=\"lazy\" decoding=\"async\" class=\"size-full wp-image-3063 alignleft\" title=\"reklam ver\" src=\"http:\/\/www.aykutozdemir.com.tr\/insaat\/wp-content\/uploads\/2012\/09\/reklam-ver.jpg\" alt=\"\" width=\"234\" height=\"223\" \/><\/noscript><\/span><\/a>Blog Hakk\u0131nda<\/span><\/h3>\n<p><span style=\"color: #000000;\">Bu blog,\u00a0 yap\u0131 sekt\u00f6r\u00fcne dair en g\u00fcncel haberleri, faydal\u0131 bilgileri,\u00a0 terimden tarihe, malzemeden makinaya, teknolojiden programa, oyundan mizaha, resimden videoya, anketlerden d\u00f6k\u00fcmanlara, emlaktan kariyere sekt\u00f6re dair akl\u0131n\u0131za gelebilecek her t\u00fcrl\u00fc i\u00e7eri\u011fi payla\u015fmaya y\u00f6nelik kurulmu\u015f, \u00f6\u011frenmeyi, \u00f6\u011frendik\u00e7e \u00f6\u011fretmeyi seven bir sayfas\u0131d\u0131r.<\/span><\/p>\n<p>&nbsp;<\/p>\n<p>&nbsp;<\/p>\n<h3><span style=\"color: #000000;\">Kimler Takip Ediyor<\/span><\/h3>\n<p><span style=\"color: #000000;\">\u0130n\u015faat Blogu&#8217;nu, \u00f6\u011frencisinden\u00a0 \u00e7al\u0131\u015fan\u0131na bu sekt\u00f6r\u00fcn i\u00e7indeki her ya\u015ftan, her alandan, her meslekten ki\u015fi takip ediyor. \u0130n\u015faat Blogu sayfalar\u0131n\u0131 her g\u00fcn 2000&#8217;i a\u015fk\u0131n ki\u015fi ziyaret ediyor. Her ay ise 50000&#8217;in \u00fczerinde farkl\u0131 ki\u015fi, \u0130n\u015faat Blogu sayfalar\u0131n\u0131 geziyor. Bu ziyaret\u00e7iler Google vb. arama motorlar\u0131ndan, sekt\u00f6re dair yap\u0131lan aramalardan geldi\u011fi gibi, Facebook, Twitter, Google plus, Linkedin\u00a0gibi sosyal a\u011flardaki \u0130n\u015faat Blogu sayfalar\u0131ndan da geliyor. Bunlar\u0131n yakla\u015f\u0131k %50 si geri d\u00f6n\u00fc\u015f\u00fc olan ve sitedeki ziyaret s\u00fcresi y\u00fcksek olan ziyaret\u00e7ilerdir. Hemen hemen t\u00fcm ziyaret\u00e7iler bu sekt\u00f6r\u00fcn i\u00e7erisinde olan, alakal\u0131 kitledir.<\/span><\/p>\n<h3><span style=\"color: #000000;\">Neden Reklam Vermeliyim ?<\/span><\/h3>\n<p><span style=\"color: #000000;\">Bir \u00fcr\u00fcn\u00fc, bir firmay\u0131, bir hizmeti ya da bir websitesini sekt\u00f6re duyurmak istiyorsan\u0131z, \u0130n\u015faat Blogu reklam alanlar\u0131 size yard\u0131mc\u0131 olacakt\u0131r. Her ay 50000 i a\u015fk\u0131n farkl\u0131 ziyaret\u00e7isiyle sekt\u00f6rde de\u011ferlenen bir bilgi kayna\u011f\u0131 olan \u0130n\u015faat Blogu,\u00a0 s\u00fcrekli g\u00fcncel tutulmakta, \u00a0Google taraf\u0131ndan da\u00a0 sevilmekte ve i\u00e7erikleri an\u0131nda indeks alarak ve ilk sayfaya yerle\u015fmektedir.\u00a0<strong>Pek \u00e7ok aramada\u00a0Google s\u0131ralamalar\u0131nda ilk sayfada bulunan \u0130n\u015faat Blogu, sizi ziyaret\u00e7ileriniz ile bulu\u015fturmakla kalmayacak, arama motoru s\u0131ralamalar\u0131n\u0131za da b\u00fcy\u00fck \u00f6l\u00e7\u00fcde olumlu etkide bulunacakt\u0131r. <\/strong>Ayr\u0131ca, sekt\u00f6rdeki hedef kitlenize en do\u011fru \u015fekilde ula\u015facaks\u0131n\u0131z.\u00a0 Reklam\u0131n\u0131z\u0131 do\u011fru se\u00e7erseniz, kitlenizi de do\u011fru se\u00e7mi\u015f olursunuz. \u0130n\u015faat Blo\u011funda yay\u0131nlanacak reklamlar\u0131n\u0131z, her ay bu sekt\u00f6rdeki en az 50000 ki\u015fiye ula\u015fm\u0131\u015f olacakt\u0131r.<\/span><\/p>\n<p>&nbsp;<\/p>\n<p><span style=\"color: #000000;\">Destek bu kadarla s\u0131n\u0131rl\u0131 de\u011fil. \u0130n\u015faat Blo\u011funa verdi\u011finiz reklamlar, Facebook, Twitter, Google plus, Linkedin gibi sosyal a\u011flar\u0131m\u0131zdan da tan\u0131t\u0131larak daha \u00e7ok ki\u015fiye ula\u015f\u0131lmas\u0131 sa\u011flanacakt\u0131r.<\/span><\/p>\n<h3><span style=\"color: #000000;\">Referanslar<\/span><\/h3>\n<ul>\n<li>Gizlilik politikas\u0131 gere\u011fi, referanslar i\u00e7in\u00a0ileti\u015fime ge\u00e7iniz.<\/li>\n<\/ul>\n<p><span style=\"color: #000000;\">\u00a0<\/span><\/p>\n<h3><span style=\"color: #000000;\">Nas\u0131l Reklam Veririm ?<\/span><\/h3>\n<p><span style=\"color: #000000;\">A\u015fa\u011f\u0131daki formu doldurarak reklam se\u00e7enekleri konusunda daha ayr\u0131nt\u0131l\u0131 bilgi alabilir, hedef kitleniz ve b\u00fct\u00e7enize\u00a0 en uygun reklam se\u00e7ene\u011fini belirleyebilirsiniz.<\/span><\/p>\n<ul>\n<li><span style=\"color: #000000;\">Sitenin \u00e7e\u015fitli alanlar\u0131nda banner reklam\u0131<\/span><\/li>\n<li><span style=\"color: #000000;\">Text-link ba\u011flant\u0131 reklam\u0131<\/span><\/li>\n<li><span style=\"color: #000000;\">Makale reklam\u0131<\/span><\/li>\n<\/ul>\n<p><span style=\"color: #000000;\">reklam t\u00fcrlerinden baz\u0131lar\u0131d\u0131r. Talep do\u011frultusunda, farkl\u0131 \u00e7al\u0131\u015fmalar da d\u00fc\u015f\u00fcn\u00fclebilir.<\/span><\/p>\n<p><span style=\"color: #000000;\">\u0130lginiz i\u00e7in te\u015fekk\u00fcrler.<\/span><\/p>\n<p><span style=\"color: #000000;\">\n<div class=\"wpcf7 no-js\" id=\"wpcf7-f302-o1\" lang=\"en-US\" dir=\"ltr\" data-wpcf7-id=\"302\">\n<div class=\"screen-reader-response\"><p role=\"status\" aria-live=\"polite\" aria-atomic=\"true\"><\/p> <ul><\/ul><\/div>\n<form action=\"\/insaat\/wp-json\/wp\/v2\/pages\/3038#wpcf7-f302-o1\" method=\"post\" class=\"wpcf7-form init\" aria-label=\"Contact form\" novalidate=\"novalidate\" data-status=\"init\">\n<fieldset class=\"hidden-fields-container\"><input type=\"hidden\" name=\"_wpcf7\" value=\"302\" \/><input type=\"hidden\" name=\"_wpcf7_version\" value=\"6.1.4\" \/><input type=\"hidden\" name=\"_wpcf7_locale\" value=\"en_US\" \/><input type=\"hidden\" name=\"_wpcf7_unit_tag\" value=\"wpcf7-f302-o1\" \/><input type=\"hidden\" name=\"_wpcf7_container_post\" value=\"0\" \/><input type=\"hidden\" name=\"_wpcf7_posted_data_hash\" value=\"\" \/><input type=\"hidden\" name=\"_wpcf7_recaptcha_response\" value=\"\" \/>\n<\/fieldset>\n<p>\u0130sim (gerekli)\n<\/p>\n<p><span class=\"wpcf7-form-control-wrap\" data-name=\"your-name\"><input size=\"40\" maxlength=\"400\" class=\"wpcf7-form-control wpcf7-text wpcf7-validates-as-required\" aria-required=\"true\" aria-invalid=\"false\" value=\"\" type=\"text\" name=\"your-name\" \/><\/span>\n<\/p>\n<p>E-posta (gerekli)\n<\/p>\n<p><span class=\"wpcf7-form-control-wrap\" data-name=\"your-email\"><input size=\"40\" maxlength=\"400\" class=\"wpcf7-form-control wpcf7-email wpcf7-validates-as-required wpcf7-text wpcf7-validates-as-email\" aria-required=\"true\" aria-invalid=\"false\" value=\"\" type=\"email\" name=\"your-email\" \/><\/span>\n<\/p>\n<p>Konu\n<\/p>\n<p><span class=\"wpcf7-form-control-wrap\" data-name=\"your-subject\"><input size=\"40\" maxlength=\"400\" class=\"wpcf7-form-control wpcf7-text\" aria-invalid=\"false\" value=\"\" type=\"text\" name=\"your-subject\" \/><\/span>\n<\/p>\n<p>\u0130leti\n<\/p>\n<p><span class=\"wpcf7-form-control-wrap\" data-name=\"your-message\"><textarea cols=\"40\" rows=\"10\" maxlength=\"2000\" class=\"wpcf7-form-control wpcf7-textarea\" aria-invalid=\"false\" name=\"your-message\"><\/textarea><\/span>\n<\/p>\n<p>Sorunuz Blogda Payla\u015f\u0131ls\u0131n m\u0131?\n<\/p>\n<p><span class=\"wpcf7-form-control-wrap\" data-name=\"SorunuzBlogdaPaylalsnm\"><span class=\"wpcf7-form-control wpcf7-radio\"><span class=\"wpcf7-list-item first\"><input type=\"radio\" name=\"SorunuzBlogdaPaylalsnm\" value=\"Evet, payla\u015f\u0131labilir.\" \/><span class=\"wpcf7-list-item-label\">Evet, payla\u015f\u0131labilir.<\/span><\/span><span class=\"wpcf7-list-item last\"><input type=\"radio\" name=\"SorunuzBlogdaPaylalsnm\" value=\"Hay\u0131r, payla\u015fmay\u0131n\u0131z.\" \/><span class=\"wpcf7-list-item-label\">Hay\u0131r, payla\u015fmay\u0131n\u0131z.<\/span><\/span><\/span><\/span>\n<\/p>\n<p><input class=\"wpcf7-form-control wpcf7-submit has-spinner\" type=\"submit\" value=\"G\u00f6nder\" \/>\n<\/p><p style=\"display: none !important;\" class=\"akismet-fields-container\" data-prefix=\"_wpcf7_ak_\"><label>&#916;<textarea name=\"_wpcf7_ak_hp_textarea\" cols=\"45\" rows=\"8\" maxlength=\"100\"><\/textarea><\/label><input type=\"hidden\" id=\"ak_js_1\" name=\"_wpcf7_ak_js\" value=\"149\"\/><script>document.getElementById( \"ak_js_1\" ).setAttribute( \"value\", ( new Date() ).getTime() );<\/script><\/p><div class=\"wpcf7-response-output\" aria-hidden=\"true\"><\/div>\n<\/form>\n<\/div>\n<\/span><\/p>\n<p><span style=\"color: #000000;\">\u00a0<\/span><\/p>\n<p><span style=\"color: #000000;\">\u00a0<\/span><\/p>\n","protected":false},"excerpt":{"rendered":"<p>Blog Hakk\u0131nda Bu blog,\u00a0 yap\u0131 sekt\u00f6r\u00fcne dair en g\u00fcncel haberleri, faydal\u0131 bilgileri,\u00a0 terimden tarihe, malzemeden&#46;&#46;&#46;<\/p>\n","protected":false},"author":1,"featured_media":0,"parent":0,"menu_order":0,"comment_status":"open","ping_status":"open","template":"","meta":{"footnotes":""},"class_list":["post-3038","page","type-page","status-publish","hentry"],"aioseo_notices":[],"amp_enabled":true,"_links":{"self":[{"href":"https:\/\/www.aykutozdemir.com.tr\/insaat\/wp-json\/wp\/v2\/pages\/3038","targetHints":{"allow":["GET"]}}],"collection":[{"href":"https:\/\/www.aykutozdemir.com.tr\/insaat\/wp-json\/wp\/v2\/pages"}],"about":[{"href":"https:\/\/www.aykutozdemir.com.tr\/insaat\/wp-json\/wp\/v2\/types\/page"}],"author":[{"embeddable":true,"href":"https:\/\/www.aykutozdemir.com.tr\/insaat\/wp-json\/wp\/v2\/users\/1"}],"replies":[{"embeddable":true,"href":"https:\/\/www.aykutozdemir.com.tr\/insaat\/wp-json\/wp\/v2\/comments?post=3038"}],"version-history":[{"count":0,"href":"https:\/\/www.aykutozdemir.com.tr\/insaat\/wp-json\/wp\/v2\/pages\/3038\/revisions"}],"wp:attachment":[{"href":"https:\/\/www.aykutozdemir.com.tr\/insaat\/wp-json\/wp\/v2\/media?parent=3038"}],"curies":[{"name":"wp","href":"https:\/\/api.w.org\/{rel}","templated":true}]}}