{"id":562,"date":"2012-03-28T17:48:03","date_gmt":"2012-03-28T17:48:03","guid":{"rendered":"http:\/\/www.aykutozdemir.com.tr\/insaat\/?page_id=562"},"modified":"2012-04-04T21:54:09","modified_gmt":"2012-04-04T21:54:09","slug":"insaat-anketleri","status":"publish","type":"page","link":"https:\/\/www.aykutozdemir.com.tr\/insaat\/insaat-anketleri","title":{"rendered":"Anket Ar\u015fivi"},"content":{"rendered":"<h3><span style=\"text-decoration: underline;\"><em>Yan men\u00fcdeki anket kutucu\u011funu kullanarak anketleri oylayabilirsiniz. Kat\u0131l\u0131m\u0131n\u0131z i\u00e7in te\u015fekk\u00fcrler.<\/em><\/span><\/h3>\n<p><em><div class=\"wp-polls wp-polls-archive\">\n______________________________________________________________<p style=\"text-align: center;\"><strong>Nisan Sonu Demir Fiyat\u0131 Beklentileriniz - Fiyat Ne Olur<\/strong><\/p><div id=\"polls-35-ans\" class=\"wp-polls-ans\"><ul class=\"wp-polls-ul\"><li>6.000 TL \u00fczeri <small>(57%, 35 Oy)<\/small><div class=\"pollbar\" style=\"width: 51%;\" title=\"6.000 TL \u00fczeri (57% | 35 Oy)\"><\/div><\/li><li>5.500 alt\u0131 <small>(16%, 10 Oy)<\/small><div class=\"pollbar\" style=\"width: 14%;\" title=\"5.500 alt\u0131 (16% | 10 Oy)\"><\/div><\/li><li>5.750-6000 TL <small>(15%, 9 Oy)<\/small><div class=\"pollbar\" style=\"width: 14%;\" title=\"5.750-6000 TL (15% | 9 Oy)\"><\/div><\/li><li>5.500-5750 TL <small>(12%, 7 Oy)<\/small><div class=\"pollbar\" style=\"width: 10%;\" title=\"5.500-5750 TL (12% | 7 Oy)\"><\/div><\/li><\/ul><p style=\"text-align: center;\">Oylama Say\u0131s\u0131: <strong>61<\/strong><\/p><\/div><p>Ba\u015flang\u0131\u00e7: 27 Mart 2021 @ 01:00<br \/>Biti\u015f: 01 May\u0131s 2021 @ 23:59<\/p>______________________________________________________________<p style=\"text-align: center;\"><strong>Korona Salg\u0131n\u0131 Sebebiyle #evdekalabiliyormusun?<\/strong><\/p><div id=\"polls-34-ans\" class=\"wp-polls-ans\"><ul class=\"wp-polls-ul\"><li>Evet, tam anlam\u0131yla bu \u00e7a\u011fr\u0131ya uyuyorum <small>(49%, 32 Oy)<\/small><div class=\"pollbar\" style=\"width: 44%;\" title=\"Evet, tam anlam\u0131yla bu \u00e7a\u011fr\u0131ya uyuyorum (49% | 32 Oy)\"><\/div><\/li><li>\u00c7al\u0131\u015fmak zorunda oldu\u011fum i\u00e7in kalam\u0131yorum <small>(29%, 19 Oy)<\/small><div class=\"pollbar\" style=\"width: 26%;\" title=\"\u00c7al\u0131\u015fmak zorunda oldu\u011fum i\u00e7in kalam\u0131yorum (29% | 19 Oy)\"><\/div><\/li><li>Genel itibariyle evet ama bazen bunu deliyorum <small>(15%, 10 Oy)<\/small><div class=\"pollbar\" style=\"width: 14%;\" title=\"Genel itibariyle evet ama bazen bunu deliyorum (15% | 10 Oy)\"><\/div><\/li><li>Kalsam iyi olur ama s\u0131k\u0131ld\u0131\u011f\u0131m i\u00e7in kalam\u0131yorum <small>(5%, 3 Oy)<\/small><div class=\"pollbar\" style=\"width: 5%;\" title=\"Kalsam iyi olur ama s\u0131k\u0131ld\u0131\u011f\u0131m i\u00e7in kalam\u0131yorum (5% | 3 Oy)\"><\/div><\/li><li>Hay\u0131r, gerek g\u00f6rm\u00fcyorum <small>(2%, 1 Oy)<\/small><div class=\"pollbar\" style=\"width: 2%;\" title=\"Hay\u0131r, gerek g\u00f6rm\u00fcyorum (2% | 1 Oy)\"><\/div><\/li><\/ul><p style=\"text-align: center;\">Oylama Say\u0131s\u0131: <strong>65<\/strong><\/p><\/div><p>Ba\u015flang\u0131\u00e7: 27 Mart 2020 @ 13:45<br \/>Biti\u015f: 30 Haziran 2020 @ 13:45<\/p>______________________________________________________________<p style=\"text-align: center;\"><strong>\u0130\u015f ararken hangi kariyer platformlar\u0131n\u0131 kullan\u0131yorsunuz<\/strong><\/p><div id=\"polls-33-ans\" class=\"wp-polls-ans\"><ul class=\"wp-polls-ul\"><li>Kariyer.net <small>(34%, 53 Oy)<\/small><div class=\"pollbar\" style=\"width: 31%;\" title=\"Kariyer.net (34% | 53 Oy)\"><\/div><\/li><li>Linkedin <small>(20%, 31 Oy)<\/small><div class=\"pollbar\" style=\"width: 18%;\" title=\"Linkedin (20% | 31 Oy)\"><\/div><\/li><li>Yenibiris.com <small>(8%, 13 Oy)<\/small><div class=\"pollbar\" style=\"width: 7%;\" title=\"Yenibiris.com (8% | 13 Oy)\"><\/div><\/li><li>Eleman.net <small>(7%, 11 Oy)<\/small><div class=\"pollbar\" style=\"width: 6%;\" title=\"Eleman.net (7% | 11 Oy)\"><\/div><\/li><li>Di\u011fer <small>(7%, 11 Oy)<\/small><div class=\"pollbar\" style=\"width: 6%;\" title=\"Di\u011fer (7% | 11 Oy)\"><\/div><\/li><li>Facebook, twitter, instagram vb. <small>(6%, 9 Oy)<\/small><div class=\"pollbar\" style=\"width: 5%;\" title=\"Facebook, twitter, instagram vb. (6% | 9 Oy)\"><\/div><\/li><li>Firmalar\u0131n kendi IK sayfalar\u0131 <small>(6%, 9 Oy)<\/small><div class=\"pollbar\" style=\"width: 5%;\" title=\"Firmalar\u0131n kendi IK sayfalar\u0131 (6% | 9 Oy)\"><\/div><\/li><li>Secret CV <small>(6%, 9 Oy)<\/small><div class=\"pollbar\" style=\"width: 5%;\" title=\"Secret CV (6% | 9 Oy)\"><\/div><\/li><li>Indeed <small>(5%, 8 Oy)<\/small><div class=\"pollbar\" style=\"width: 5%;\" title=\"Indeed (5% | 8 Oy)\"><\/div><\/li><\/ul><p style=\"text-align: center;\">Oylama Say\u0131s\u0131: <strong>71<\/strong><\/p><\/div><p>Ba\u015flang\u0131\u00e7: 26 Ocak 2020 @ 01:10<br \/>Biti\u015f: Son ge\u00e7erlilik tarihi yok<\/p>______________________________________________________________<p style=\"text-align: center;\"><strong>\u0130n\u015faat Sekt\u00f6r\u00fcnde K\u0131dem, \u0130hbar gibi Tazminat Haklar\u0131 Sorunsuz Bir \u015eekilde \u0130\u015fveren'den Al\u0131nabiliyor mu?<\/strong><\/p><div id=\"polls-32-ans\" class=\"wp-polls-ans\"><ul class=\"wp-polls-ul\"><li>Hay\u0131r <small>(66%, 82 Oy)<\/small><div class=\"pollbar\" style=\"width: 59%;\" title=\"Hay\u0131r (66% | 82 Oy)\"><\/div><\/li><li>Fikrim yok <small>(25%, 31 Oy)<\/small><div class=\"pollbar\" style=\"width: 23%;\" title=\"Fikrim yok (25% | 31 Oy)\"><\/div><\/li><li>Evet <small>(9%, 12 Oy)<\/small><div class=\"pollbar\" style=\"width: 9%;\" title=\"Evet (9% | 12 Oy)\"><\/div><\/li><\/ul><p style=\"text-align: center;\">Oylama Say\u0131s\u0131: <strong>125<\/strong><\/p><\/div><p>Ba\u015flang\u0131\u00e7: 24 Ocak 2020 @ 23:56<br \/>Biti\u015f: Son ge\u00e7erlilik tarihi yok<\/p>______________________________________________________________<p style=\"text-align: center;\"><strong>UYDS Sisteminden Memnun musunuz?<\/strong><\/p><div id=\"polls-31-ans\" class=\"wp-polls-ans\"><ul class=\"wp-polls-ul\"><li>Sistem fena de\u011fil <small>(32%, 52 Oy)<\/small><div class=\"pollbar\" style=\"width: 29%;\" title=\"Sistem fena de\u011fil (32% | 52 Oy)\"><\/div><\/li><li>Hi\u00e7 memnun de\u011filim <small>(29%, 46 Oy)<\/small><div class=\"pollbar\" style=\"width: 26%;\" title=\"Hi\u00e7 memnun de\u011filim (29% | 46 Oy)\"><\/div><\/li><li>Hem de \u00e7ok memnunum <small>(20%, 32 Oy)<\/small><div class=\"pollbar\" style=\"width: 18%;\" title=\"Hem de \u00e7ok memnunum (20% | 32 Oy)\"><\/div><\/li><li>Karars\u0131z\u0131m <small>(19%, 31 Oy)<\/small><div class=\"pollbar\" style=\"width: 17%;\" title=\"Karars\u0131z\u0131m (19% | 31 Oy)\"><\/div><\/li><\/ul><p style=\"text-align: center;\">Oylama Say\u0131s\u0131: <strong>161<\/strong><\/p><\/div><p>Ba\u015flang\u0131\u00e7: 15 Ocak 2020 @ 15:40<br \/>Biti\u015f: Son ge\u00e7erlilik tarihi yok<\/p><\/div>\n<div class=\"wp-polls-paging\">\n<span class=\"pages\">&#8201;Sayfa: 1 \/ 7&#8201;<\/span><span class=\"current\">&#8201;1&#8201;<\/span><a href=\"http:\/\/www.aykutozdemir.com.tr\/insaat\/insaat-anketleri?poll_page=2\" title=\"2\">&#8201;2&#8201;<\/a><a href=\"http:\/\/www.aykutozdemir.com.tr\/insaat\/insaat-anketleri?poll_page=3\" title=\"3\">&#8201;3&#8201;<\/a><a href=\"http:\/\/www.aykutozdemir.com.tr\/insaat\/insaat-anketleri?poll_page=4\" title=\"4\">&#8201;4&#8201;<\/a><a href=\"http:\/\/www.aykutozdemir.com.tr\/insaat\/insaat-anketleri?poll_page=5\" title=\"5\">&#8201;5&#8201;<\/a><a href=\"http:\/\/www.aykutozdemir.com.tr\/insaat\/insaat-anketleri?poll_page=6\" title=\"6\">&#8201;6&#8201;<\/a><a href=\"http:\/\/www.aykutozdemir.com.tr\/insaat\/insaat-anketleri?poll_page=7\" title=\"7\">&#8201;7&#8201;<\/a><a href=\"http:\/\/www.aykutozdemir.com.tr\/insaat\/insaat-anketleri?poll_page=2\" title=\"&raquo;\">&#8201;&raquo;&#8201;<\/a><\/div><\/br><h2>Yan men\u00fcdeki anket kutucu\u011funu kullanarak anketleri oylayabilirsiniz. Kat\u0131l\u0131m\u0131n\u0131z i\u00e7in te\u015fekk\u00fcrler.<h2><\/em><\/p>\n","protected":false},"excerpt":{"rendered":"<p>Yan men\u00fcdeki anket kutucu\u011funu kullanarak anketleri oylayabilirsiniz. Kat\u0131l\u0131m\u0131n\u0131z i\u00e7in te\u015fekk\u00fcrler.<\/p>\n","protected":false},"author":1,"featured_media":0,"parent":0,"menu_order":0,"comment_status":"open","ping_status":"closed","template":"","meta":{"footnotes":""},"class_list":["post-562","page","type-page","status-publish","hentry"],"aioseo_notices":[],"amp_enabled":true,"_links":{"self":[{"href":"https:\/\/www.aykutozdemir.com.tr\/insaat\/wp-json\/wp\/v2\/pages\/562","targetHints":{"allow":["GET"]}}],"collection":[{"href":"https:\/\/www.aykutozdemir.com.tr\/insaat\/wp-json\/wp\/v2\/pages"}],"about":[{"href":"https:\/\/www.aykutozdemir.com.tr\/insaat\/wp-json\/wp\/v2\/types\/page"}],"author":[{"embeddable":true,"href":"https:\/\/www.aykutozdemir.com.tr\/insaat\/wp-json\/wp\/v2\/users\/1"}],"replies":[{"embeddable":true,"href":"https:\/\/www.aykutozdemir.com.tr\/insaat\/wp-json\/wp\/v2\/comments?post=562"}],"version-history":[{"count":0,"href":"https:\/\/www.aykutozdemir.com.tr\/insaat\/wp-json\/wp\/v2\/pages\/562\/revisions"}],"wp:attachment":[{"href":"https:\/\/www.aykutozdemir.com.tr\/insaat\/wp-json\/wp\/v2\/media?parent=562"}],"curies":[{"name":"wp","href":"https:\/\/api.w.org\/{rel}","templated":true}]}}