{"id":8022,"date":"2021-06-03T18:16:33","date_gmt":"2021-06-03T15:16:33","guid":{"rendered":"https:\/\/www.aykutozdemir.com.tr\/insaat\/?page_id=8022"},"modified":"2021-07-02T03:44:18","modified_gmt":"2021-07-02T00:44:18","slug":"abonelik","status":"publish","type":"page","link":"https:\/\/www.aykutozdemir.com.tr\/insaat\/abonelik","title":{"rendered":"Abonelik"},"content":{"rendered":"<div id=\"newsletter\" class=\"widget\">\n<div class=\"mailchimp_subsribe\" align=\"center\">\n<p><strong>\u0130n\u015faat Blogu&#8217;na \u00dccretsiz Abone Ol!<\/strong><\/p>\n<p>A\u015fa\u011f\u0131daki butona t\u0131klad\u0131ktan sonra, kar\u015f\u0131n\u0131za \u00e7\u0131kan formda mail adresiniz ve di\u011fer bilgileri girdikten sonra abonelerimizn aras\u0131na kat\u0131larak, t\u00fcm yeni i\u00e7eriklerden an\u0131nda e-posta ile haberdar olabilirsiniz.<br \/>\n<a href=\"https:\/\/aykutozdemir.us6.list-manage.com\/subscribe\/post?u=3cc33f9a93bc4c7a438e1da10&amp;id=3ce76c7514\"><input class=\"mailchimp-subscribe__submit\" name=\"subscribe\" type=\"submit\" value=\"Abone Ol\" \/><\/a><\/p>\n<\/div>\n<\/div>\n","protected":false},"excerpt":{"rendered":"<p>\u0130n\u015faat Blogu&#8217;na \u00dccretsiz Abone Ol! A\u015fa\u011f\u0131daki butona t\u0131klad\u0131ktan sonra, kar\u015f\u0131n\u0131za \u00e7\u0131kan formda mail adresiniz ve&#46;&#46;&#46;<\/p>\n","protected":false},"author":1,"featured_media":0,"parent":0,"menu_order":0,"comment_status":"closed","ping_status":"closed","template":"","meta":{"footnotes":""},"class_list":["post-8022","page","type-page","status-publish","hentry"],"aioseo_notices":[],"amp_enabled":true,"_links":{"self":[{"href":"https:\/\/www.aykutozdemir.com.tr\/insaat\/wp-json\/wp\/v2\/pages\/8022","targetHints":{"allow":["GET"]}}],"collection":[{"href":"https:\/\/www.aykutozdemir.com.tr\/insaat\/wp-json\/wp\/v2\/pages"}],"about":[{"href":"https:\/\/www.aykutozdemir.com.tr\/insaat\/wp-json\/wp\/v2\/types\/page"}],"author":[{"embeddable":true,"href":"https:\/\/www.aykutozdemir.com.tr\/insaat\/wp-json\/wp\/v2\/users\/1"}],"replies":[{"embeddable":true,"href":"https:\/\/www.aykutozdemir.com.tr\/insaat\/wp-json\/wp\/v2\/comments?post=8022"}],"version-history":[{"count":9,"href":"https:\/\/www.aykutozdemir.com.tr\/insaat\/wp-json\/wp\/v2\/pages\/8022\/revisions"}],"predecessor-version":[{"id":8651,"href":"https:\/\/www.aykutozdemir.com.tr\/insaat\/wp-json\/wp\/v2\/pages\/8022\/revisions\/8651"}],"wp:attachment":[{"href":"https:\/\/www.aykutozdemir.com.tr\/insaat\/wp-json\/wp\/v2\/media?parent=8022"}],"curies":[{"name":"wp","href":"https:\/\/api.w.org\/{rel}","templated":true}]}}