{"id":243,"date":"2012-12-18T21:15:48","date_gmt":"2012-12-18T19:15:48","guid":{"rendered":"http:\/\/aykutozdemir.com.tr\/wordpress\/?page_id=243"},"modified":"2021-06-20T03:36:58","modified_gmt":"2021-06-20T00:36:58","slug":"hakkinda","status":"publish","type":"page","link":"https:\/\/www.aykutozdemir.com.tr\/wordpress\/hakkinda","title":{"rendered":"Hakk\u0131nda"},"content":{"rendered":"<p>Webmaster ve Teknoloji Blogu, Aykut \u00d6ZDEM\u0130R taraf\u0131ndan haz\u0131rlanan; kurulum, tema, eklenti, seo, \u00f6zelle\u015ftirme ve geli\u015ftirme gibi Wordpress konular\u0131nda, bunun d\u0131\u015f\u0131nda ba\u015fta SEO olmak \u00fczere genel webmaster konular\u0131nda, sosyal a\u011f ve teknolojiye dair konularda bilgi payla\u015f\u0131m\u0131n\u0131 ama\u00e7layan \u00f6zg\u00fcn bir blogdur.<\/p>\n<p>&nbsp;<\/p>\n<p>Konusunda uzman m\u0131d\u0131r ? Asla \u00f6yle bir iddia s\u00f6z konusu olmam\u0131\u015ft\u0131r. Bu blog, \u00f6\u011frenmeyi, \u00f6\u011frendik\u00e7e payla\u015fmay\u0131 ve \u00f6\u011fretmeyi seven bir blogdur. Y\u0131llard\u0131r wordpress ile bloglayan, teknolojiyle i\u00e7i\u00e7e, sosyal a\u011flar\u0131 aktif olarak kullanan parmaklardan d\u00f6k\u00fclen bilgiler i\u00e7ermektedir.<\/p>\n<p>&nbsp;<\/p>\n<p>Bu blogdaki i\u00e7eriklerin, kaynak g\u00f6sterilmeden payla\u015f\u0131lmas\u0131 yasakt\u0131r. \u0130lginiz i\u00e7in te\u015fekk\u00fcrler. Her t\u00fcrl\u00fc konuda benimle ileti\u015fime ge\u00e7ebilirsiniz.<\/p>\n<p>&nbsp;<\/p>\n","protected":false},"excerpt":{"rendered":"<p>Webmaster ve Teknoloji Blogu, Aykut \u00d6ZDEM\u0130R taraf\u0131ndan haz\u0131rlanan; kurulum, tema, eklenti, seo, \u00f6zelle\u015ftirme ve geli\u015ftirme&#46;&#46;&#46;<\/p>\n","protected":false},"author":1,"featured_media":0,"parent":0,"menu_order":0,"comment_status":"open","ping_status":"open","template":"","meta":{"footnotes":""},"class_list":["post-243","page","type-page","status-publish","hentry"],"aioseo_notices":[],"amp_enabled":true,"_links":{"self":[{"href":"https:\/\/www.aykutozdemir.com.tr\/wordpress\/wp-json\/wp\/v2\/pages\/243","targetHints":{"allow":["GET"]}}],"collection":[{"href":"https:\/\/www.aykutozdemir.com.tr\/wordpress\/wp-json\/wp\/v2\/pages"}],"about":[{"href":"https:\/\/www.aykutozdemir.com.tr\/wordpress\/wp-json\/wp\/v2\/types\/page"}],"author":[{"embeddable":true,"href":"https:\/\/www.aykutozdemir.com.tr\/wordpress\/wp-json\/wp\/v2\/users\/1"}],"replies":[{"embeddable":true,"href":"https:\/\/www.aykutozdemir.com.tr\/wordpress\/wp-json\/wp\/v2\/comments?post=243"}],"version-history":[{"count":0,"href":"https:\/\/www.aykutozdemir.com.tr\/wordpress\/wp-json\/wp\/v2\/pages\/243\/revisions"}],"wp:attachment":[{"href":"https:\/\/www.aykutozdemir.com.tr\/wordpress\/wp-json\/wp\/v2\/media?parent=243"}],"curies":[{"name":"wp","href":"https:\/\/api.w.org\/{rel}","templated":true}]}}